{"id":4964,"date":"2022-05-03T12:59:35","date_gmt":"2022-05-03T12:59:35","guid":{"rendered":"https:\/\/a4architecture.ca\/?page_id=4964"},"modified":"2024-04-09T15:29:21","modified_gmt":"2024-04-09T15:29:21","slug":"lab4","status":"publish","type":"page","link":"https:\/\/a4architecture.ca\/en\/lab4\/","title":{"rendered":"Lab4"},"content":{"rendered":"\n<section class=\"block-content-with-video\"  style=\"background-color:#333f48; color: #ffffff\">\n\n    <div class=\"wrap\">\n\n        <div class=\"content-columns\">\n            <div class=\"content-columns-left\">\n                \n<div class=\"wrap\">\n<h2 class=\"wp-block-heading\" style=\"font-size:40px\"><strong>LE LAB A4 : UN ACTEUR DU CHANGEMENT<\/strong><\/h2>\n<\/div>\n\n<div class=\"wrap\">\n<p>Form\u00e9 de plus de 10 passionn\u00e9.e.s, le Lab A4 promeut la recherche et le d\u00e9veloppement en architecture et urbanisme au sein de sa communaut\u00e9. \u00c0 travers l\u2019\u00e9laboration d\u2019id\u00e9es novatrices et d\u2019articles engag\u00e9s, ses membres participent \u00e0 la mission \u00e9ducative essentielle \u00e0 la remise en question et \u00e0 l\u2019avancement de notre soci\u00e9t\u00e9. Libre de toutes attaches et int\u00e8gre dans son approche, le Lab A4 \u00e9volue de mani\u00e8re ind\u00e9pendante.<\/p>\n<\/div>\n\n<div class=\"wrap\">\n<div class=\"wp-block-button arrow-down\"><a class=\"wp-block-button__link\" href=\"#articles\">EN SAVOIR PLUS<\/a><\/div>\n<\/div>\n\n            <\/div>\n            <div class=\"content-columns-right\">\n                <div class=\"video-wrapper\">\n\t\t\t\t\t\t\t\t\t\t<div class=\"absolu\">\n\t\t\t\t\t\t<!-- <button id=\"playButton\">\n\t\t\t\t\t\t\t<i class=\"fa-thin fa-circle-play\"><\/i>\n\t\t\t\t\t\t<\/button> -->\n\t\t\t\t\t\t<video id=\"labVideo\" poster=\"https:\/\/a4architecture.ca\/wp-content\/uploads\/2022\/05\/LabPhoto2.png\" width=\"100%\" height=\"100%\" playsinline=\"\" autoplay=\"\" loop=\"\" preload=\"auto\" muted controls>\n\t\t\t\t\t\t\t<source src=\"https:\/\/a4architecture.ca\/wp-content\/uploads\/2022\/06\/pixel_-_lab_a4_intro_f090622-720p.mp4\" type=\"video\/mp4\">\n\t\t\t\t\t\t\tYour browser does not support the video tag.\n\t\t\t\t\t\t<\/video>\n\t\t\t\t\t<\/div>\n\t\t\t\t\t                <\/div>\n            <\/div>\n        <\/div>\n\n\n        <svg class=\"lab_decor orange_lab\" xmlns=\"http:\/\/www.w3.org\/2000\/svg\" viewBox=\"0 0 737.5 621.15\"><defs><style>.cls-1,.cls-2{fill:none;stroke-miterlimit:10;stroke-width:2px;}.cls-1{stroke:#ffca63;}.cls-2{stroke:#f2ca61;}<\/style><\/defs><g id=\"Layer_2\" data-name=\"Layer 2\"><g id=\"Layer_1-2\" data-name=\"Layer 1\"><path class=\"cls-1\" d=\"M544.87,515.38V444H490.14v71.36l-76.69-.14L485.2,311.4,376.19,1H314.46l-109,310.4h56.91l20.14-59.54H406L426.1,311.4,354.43,515.24h0v49.61H490.14v55.3h54.73v-55.3h61.61l-17.33-49.47ZM300,201.07l44.22-130.9,44.22,130.9Z\"\/><polygon class=\"cls-2\" points=\"57.48 1 1 1 1 311.4 172.94 311.4 191.61 257.99 57.48 257.99 57.48 1\"\/><path class=\"cls-1\" d=\"M725.34,180.28q-11.18-19-33.49-29.12a56.7,56.7,0,0,0,16.85-11.6,68.41,68.41,0,0,0,12-16.2,74,74,0,0,0,7-18.6,87.21,87.21,0,0,0,2.18-19.27,80.91,80.91,0,0,0-9.41-38.08A78.81,78.81,0,0,0,694,18.07,96.54,96.54,0,0,0,659.67,4.5,202.45,202.45,0,0,0,622.24,1H498.78V258.28l18.71,53.56H622.24a262.73,262.73,0,0,0,43.34-3.51q21-3.49,39.4-17.51a73.8,73.8,0,0,0,24.08-30.64,100.8,100.8,0,0,0,7.44-39A79.58,79.58,0,0,0,725.34,180.28ZM554.82,49.6h69.61a83.18,83.18,0,0,1,18.38,2,42.82,42.82,0,0,1,15.33,6.56,33.26,33.26,0,0,1,10.5,12.26q3.95,7.67,3.94,18.61t-3.72,18.38a30.72,30.72,0,0,1-10.07,11.83,42.81,42.81,0,0,1-14.88,6.34,80.26,80.26,0,0,1-18.17,2H554.82Zm119.51,190a37.78,37.78,0,0,1-12.69,12.7,54,54,0,0,1-17.73,6.78,98.74,98.74,0,0,1-19.48,2H554.82V174.81h71.36q22.32,0,37.65,10.07t15.32,35Q679.15,231.72,674.33,239.6Z\"\/><\/g><\/g><\/svg>\n        <svg class=\"lab_decor blue_lab\" xmlns=\"http:\/\/www.w3.org\/2000\/svg\" viewBox=\"0 0 403.86 621.15\"><defs><style>.cls-1{fill:none;stroke:#12a4b6;stroke-miterlimit:10;stroke-width:2px;}<\/style><\/defs><g id=\"Layer_2\" data-name=\"Layer 2\"><g id=\"Isolation_Mode\" data-name=\"Isolation Mode\"><path class=\"cls-1\" d=\"M340.83,515.38V444H286.11v71.36l-76.69-.14L281.16,311.4,172.15,1H110.42L1.41,311.4H58.32l20.14-59.54H201.92l20.14,59.54L150.39,515.24h0v49.61H286.11v55.3h54.72v-55.3h61.62l-17.34-49.47ZM96,201.07l44.21-130.9,44.22,130.9Z\"\/><\/g><\/g><\/svg>\n    <\/div>\n<\/section>\n\n\n<section class=\"block-lab-articles\"  id=\"articles\">\n\n    <div class=\"wrap\">\n\n        <div class=\"lab-articles-head\">\n            <h1>OBSERVE. QUESTION. CONSIDER. RETHINK. DARE. EDUCATE.<\/h1>\n            <div class=\"lab-articles-2col\">\n                                    <select class=\"lab-articles-categories\">\n                        <option value=\"\" selected> Cat\u00e9gories <\/option>\n                        <option value=\"concours\">Concours<\/option><option value=\"urbanisme\">Urbanisme<\/option>                    <\/select>\n                \n                <p>Lab A4 participates in regional debates, raises issues specific to its practice, makes its voice heard and offers a fresh perspective. It skillfully combines open-mindedness and audacity.  <\/p>\n            <\/div>\n        <\/div>\n\n        <div class=\"lab-articles-content\"><\/div>\n    <\/div>\n<\/section>","protected":false},"excerpt":{"rendered":"","protected":false},"author":4,"featured_media":0,"parent":0,"menu_order":10,"comment_status":"closed","ping_status":"closed","template":"","meta":{"_acf_changed":false,"inline_featured_image":false,"_genesis_hide_title":false,"_genesis_hide_breadcrumbs":false,"_genesis_hide_singular_image":false,"_genesis_hide_footer_widgets":false,"_genesis_custom_body_class":"","_genesis_custom_post_class":"","_genesis_layout":"","footnotes":""},"acf":[],"yoast_head":"<!-- This site is optimized with the Yoast SEO plugin v22.5 - https:\/\/yoast.com\/wordpress\/plugins\/seo\/ -->\n<title>Lab4 by A4 Architecture: Pioneering Design Solutions<\/title>\n<meta name=\"description\" content=\"Explore Lab4&#039;s innovative approach at A4 Architecture, where cutting-edge design solutions meet practicality. Dive into the future of architectural creativity.\" \/>\n<meta name=\"robots\" content=\"index, follow, max-snippet:-1, max-image-preview:large, max-video-preview:-1\" \/>\n<link rel=\"canonical\" href=\"https:\/\/a4architecture.ca\/en\/lab4\/\" \/>\n<meta property=\"og:locale\" content=\"en_US\" \/>\n<meta property=\"og:type\" content=\"article\" \/>\n<meta property=\"og:title\" content=\"Lab4 by A4 Architecture: Pioneering Design Solutions\" \/>\n<meta property=\"og:description\" content=\"Explore Lab4&#039;s innovative approach at A4 Architecture, where cutting-edge design solutions meet practicality. Dive into the future of architectural creativity.\" \/>\n<meta property=\"og:url\" content=\"https:\/\/a4architecture.ca\/en\/lab4\/\" \/>\n<meta property=\"og:site_name\" content=\"A4 Architecture + Design | Gatineau\" \/>\n<meta property=\"article:modified_time\" content=\"2024-04-09T15:29:21+00:00\" \/>\n<meta property=\"og:image\" content=\"https:\/\/a4architecture.ca\/wp-content\/uploads\/2022\/06\/lab.jpg\" \/>\n\t<meta property=\"og:image:width\" content=\"1200\" \/>\n\t<meta property=\"og:image:height\" content=\"630\" \/>\n\t<meta property=\"og:image:type\" content=\"image\/jpeg\" \/>\n<meta name=\"twitter:card\" content=\"summary_large_image\" \/>\n<meta name=\"twitter:label1\" content=\"Est. reading time\" \/>\n\t<meta name=\"twitter:data1\" content=\"1 minute\" \/>\n<script type=\"application\/ld+json\" class=\"yoast-schema-graph\">{\"@context\":\"https:\/\/schema.org\",\"@graph\":[{\"@type\":\"WebPage\",\"@id\":\"https:\/\/a4architecture.ca\/en\/lab4\/\",\"url\":\"https:\/\/a4architecture.ca\/en\/lab4\/\",\"name\":\"Lab4 by A4 Architecture: Pioneering Design Solutions\",\"isPartOf\":{\"@id\":\"https:\/\/a4architecture.ca\/#website\"},\"datePublished\":\"2022-05-03T12:59:35+00:00\",\"dateModified\":\"2024-04-09T15:29:21+00:00\",\"description\":\"Explore Lab4's innovative approach at A4 Architecture, where cutting-edge design solutions meet practicality. Dive into the future of architectural creativity.\",\"breadcrumb\":{\"@id\":\"https:\/\/a4architecture.ca\/en\/lab4\/#breadcrumb\"},\"inLanguage\":\"en-US\",\"potentialAction\":[{\"@type\":\"ReadAction\",\"target\":[\"https:\/\/a4architecture.ca\/en\/lab4\/\"]}]},{\"@type\":\"BreadcrumbList\",\"@id\":\"https:\/\/a4architecture.ca\/en\/lab4\/#breadcrumb\",\"itemListElement\":[{\"@type\":\"ListItem\",\"position\":1,\"name\":\"Accueil\",\"item\":\"https:\/\/a4architecture.ca\/en\/\"},{\"@type\":\"ListItem\",\"position\":2,\"name\":\"Lab4\"}]},{\"@type\":\"WebSite\",\"@id\":\"https:\/\/a4architecture.ca\/#website\",\"url\":\"https:\/\/a4architecture.ca\/\",\"name\":\"A4 Architecture + Design | Gatineau\",\"description\":\"De l&#039;inspiration \u00e0 la r\u00e9alisation\",\"publisher\":{\"@id\":\"https:\/\/a4architecture.ca\/#organization\"},\"potentialAction\":[{\"@type\":\"SearchAction\",\"target\":{\"@type\":\"EntryPoint\",\"urlTemplate\":\"https:\/\/a4architecture.ca\/?s={search_term_string}\"},\"query-input\":\"required name=search_term_string\"}],\"inLanguage\":\"en-US\"},{\"@type\":\"Organization\",\"@id\":\"https:\/\/a4architecture.ca\/#organization\",\"name\":\"A4 Architecture + Design | Gatineau\",\"url\":\"https:\/\/a4architecture.ca\/\",\"logo\":{\"@type\":\"ImageObject\",\"inLanguage\":\"en-US\",\"@id\":\"https:\/\/a4architecture.ca\/#\/schema\/logo\/image\/\",\"url\":\"https:\/\/a4architecture.ca\/wp-content\/uploads\/2019\/11\/a4logo_main_bigger.png\",\"contentUrl\":\"https:\/\/a4architecture.ca\/wp-content\/uploads\/2019\/11\/a4logo_main_bigger.png\",\"width\":305,\"height\":104,\"caption\":\"A4 Architecture + Design | Gatineau\"},\"image\":{\"@id\":\"https:\/\/a4architecture.ca\/#\/schema\/logo\/image\/\"}}]}<\/script>\n<!-- \/ Yoast SEO plugin. -->","yoast_head_json":{"title":"Lab4 by A4 Architecture: Pioneering Design Solutions","description":"Explore Lab4's innovative approach at A4 Architecture, where cutting-edge design solutions meet practicality. Dive into the future of architectural creativity.","robots":{"index":"index","follow":"follow","max-snippet":"max-snippet:-1","max-image-preview":"max-image-preview:large","max-video-preview":"max-video-preview:-1"},"canonical":"https:\/\/a4architecture.ca\/en\/lab4\/","og_locale":"en_US","og_type":"article","og_title":"Lab4 by A4 Architecture: Pioneering Design Solutions","og_description":"Explore Lab4's innovative approach at A4 Architecture, where cutting-edge design solutions meet practicality. Dive into the future of architectural creativity.","og_url":"https:\/\/a4architecture.ca\/en\/lab4\/","og_site_name":"A4 Architecture + Design | Gatineau","article_modified_time":"2024-04-09T15:29:21+00:00","og_image":[{"width":1200,"height":630,"url":"https:\/\/a4architecture.ca\/wp-content\/uploads\/2022\/06\/lab.jpg","type":"image\/jpeg"}],"twitter_card":"summary_large_image","twitter_misc":{"Est. reading time":"1 minute"},"schema":{"@context":"https:\/\/schema.org","@graph":[{"@type":"WebPage","@id":"https:\/\/a4architecture.ca\/en\/lab4\/","url":"https:\/\/a4architecture.ca\/en\/lab4\/","name":"Lab4 by A4 Architecture: Pioneering Design Solutions","isPartOf":{"@id":"https:\/\/a4architecture.ca\/#website"},"datePublished":"2022-05-03T12:59:35+00:00","dateModified":"2024-04-09T15:29:21+00:00","description":"Explore Lab4's innovative approach at A4 Architecture, where cutting-edge design solutions meet practicality. Dive into the future of architectural creativity.","breadcrumb":{"@id":"https:\/\/a4architecture.ca\/en\/lab4\/#breadcrumb"},"inLanguage":"en-US","potentialAction":[{"@type":"ReadAction","target":["https:\/\/a4architecture.ca\/en\/lab4\/"]}]},{"@type":"BreadcrumbList","@id":"https:\/\/a4architecture.ca\/en\/lab4\/#breadcrumb","itemListElement":[{"@type":"ListItem","position":1,"name":"Accueil","item":"https:\/\/a4architecture.ca\/en\/"},{"@type":"ListItem","position":2,"name":"Lab4"}]},{"@type":"WebSite","@id":"https:\/\/a4architecture.ca\/#website","url":"https:\/\/a4architecture.ca\/","name":"A4 Architecture + Design | Gatineau","description":"De l&#039;inspiration \u00e0 la r\u00e9alisation","publisher":{"@id":"https:\/\/a4architecture.ca\/#organization"},"potentialAction":[{"@type":"SearchAction","target":{"@type":"EntryPoint","urlTemplate":"https:\/\/a4architecture.ca\/?s={search_term_string}"},"query-input":"required name=search_term_string"}],"inLanguage":"en-US"},{"@type":"Organization","@id":"https:\/\/a4architecture.ca\/#organization","name":"A4 Architecture + Design | Gatineau","url":"https:\/\/a4architecture.ca\/","logo":{"@type":"ImageObject","inLanguage":"en-US","@id":"https:\/\/a4architecture.ca\/#\/schema\/logo\/image\/","url":"https:\/\/a4architecture.ca\/wp-content\/uploads\/2019\/11\/a4logo_main_bigger.png","contentUrl":"https:\/\/a4architecture.ca\/wp-content\/uploads\/2019\/11\/a4logo_main_bigger.png","width":305,"height":104,"caption":"A4 Architecture + Design | Gatineau"},"image":{"@id":"https:\/\/a4architecture.ca\/#\/schema\/logo\/image\/"}}]}},"_links":{"self":[{"href":"https:\/\/a4architecture.ca\/en\/wp-json\/wp\/v2\/pages\/4964"}],"collection":[{"href":"https:\/\/a4architecture.ca\/en\/wp-json\/wp\/v2\/pages"}],"about":[{"href":"https:\/\/a4architecture.ca\/en\/wp-json\/wp\/v2\/types\/page"}],"author":[{"embeddable":true,"href":"https:\/\/a4architecture.ca\/en\/wp-json\/wp\/v2\/users\/4"}],"replies":[{"embeddable":true,"href":"https:\/\/a4architecture.ca\/en\/wp-json\/wp\/v2\/comments?post=4964"}],"version-history":[{"count":4,"href":"https:\/\/a4architecture.ca\/en\/wp-json\/wp\/v2\/pages\/4964\/revisions"}],"predecessor-version":[{"id":4969,"href":"https:\/\/a4architecture.ca\/en\/wp-json\/wp\/v2\/pages\/4964\/revisions\/4969"}],"wp:attachment":[{"href":"https:\/\/a4architecture.ca\/en\/wp-json\/wp\/v2\/media?parent=4964"}],"curies":[{"name":"wp","href":"https:\/\/api.w.org\/{rel}","templated":true}]}}